{"id":382,"date":"2020-01-23T12:48:34","date_gmt":"2020-01-23T11:48:34","guid":{"rendered":"https:\/\/www.x-plor.de\/?page_id=382"},"modified":"2020-05-20T09:16:52","modified_gmt":"2020-05-20T07:16:52","slug":"newsletter-abmelden-und-nutzung-kuendigen-a-va-gmbh","status":"publish","type":"page","link":"https:\/\/www.x-plor.de\/index.php\/newsletter-abmelden-und-nutzung-kuendigen-a-va-gmbh\/","title":{"rendered":"Newsletter abmelden und Nutzung k\u00fcndigen (A-va GmbH)"},"content":{"rendered":"\n<p>Liebe\/r Newsletter-Empf\u00e4nger\/in,<\/p>\n\n\n\n<p>du hast unsere Nachricht erhalten, weil du Nutzer unserer Software-L\u00f6sungen bist. Hierbei kann es sich z. B. um unsere Suchmaschine f\u00fcr Versicherungen Snoopr\u00ae handeln. Alle L\u00f6sungen stehen dir \u00fcblicherweise kostenfrei zur Verf\u00fcgung.<\/p>\n\n\n\n<p>Mit deiner Registrierung hast du zugestimmt, dass wir dich in unregelm\u00e4\u00dfigen Abst\u00e4nden per E-Mail kontaktieren d\u00fcrfen. Das ist notwendig, um dir kostenfreie L\u00f6sungen anbieten zu k\u00f6nnen, denn wir verzichten auf teure Kommunikationswege. Uns ist daran gelegen, unsere Kommunikation auf ein akzeptables Ma\u00df zu reduzieren und m\u00f6glichst wertvolle Informationen zu vermitteln.<\/p>\n\n\n\n<p>Wenn du dich jetzt von dieser Kommunikation abmelden m\u00f6chtest, k\u00f6nnen wir dich nicht mehr auf dem \u00fcblichen, kosteng\u00fcnstigen Weg erreichen. Au\u00dferdem entziehst du uns die M\u00f6glichkeit, uns \u00fcber Werbung zu refinanzieren.<\/p>\n\n\n\n<p><strong>Da wir dir alternativ kein kostenpflichtiges Angebot unterbreiten k\u00f6nnen, m\u00fcssen wir dich nun bitten, dich von der Nutzung unserer Software-L\u00f6sungen abzumelden und deine Nutzung unserer L\u00f6sungen entsprechend einzustellen.<br><\/strong><\/p>\n\n\n\n<p>Wenn du dich doch nicht abmelden m\u00f6chtest, musst du nichts weiter unternehmen. Andernfalls ist das sehr bedauerlich, aber auch kein Problem. <strong>Bitte schreibe uns eine E-Mail an <a href=\"mailto:service@snoopr.de\">service@snoopr.de<\/a> und teile uns deine K\u00fcndigung mit.<\/strong> Wir deaktivieren dann deinen Account und werden personenbezogenen Daten l\u00f6schen. Au\u00dferdem wirst du von uns &#8211; bis auf die K\u00fcndigungsbest\u00e4tigung &#8211; keine Informationen mehr per E-Mail erhalten.<\/p>\n\n\n\n<p>Vielen Dank f\u00fcr dein Verst\u00e4ndnis!<\/p>\n\n\n\n<p>Mit freundlichen Gr\u00fc\u00dfen<\/p>\n\n\n\n<p>A-va GmbH<br>Lindenstr. 48-52<br>40233 D\u00fcsseldorf<\/p>\n\n\n\n<p><\/p>\n","protected":false},"excerpt":{"rendered":"<p>Liebe\/r Newsletter-Empf\u00e4nger\/in, du hast unsere Nachricht erhalten, weil du Nutzer unserer Software-L\u00f6sungen bist. Hierbei kann es sich z. B. um unsere Suchmaschine f\u00fcr Versicherungen Snoopr\u00ae handeln. Alle L\u00f6sungen stehen dir \u00fcblicherweise kostenfrei zur Verf\u00fcgung. Mit deiner Registrierung hast du zugestimmt, dass wir dich in unregelm\u00e4\u00dfigen Abst\u00e4nden per E-Mail kontaktieren d\u00fcrfen. Das ist notwendig, um dir [&hellip;]<\/p>\n","protected":false},"author":1,"featured_media":0,"parent":0,"menu_order":0,"comment_status":"closed","ping_status":"closed","template":"","meta":{"footnotes":""},"class_list":["post-382","page","type-page","status-publish","hentry"],"_links":{"self":[{"href":"https:\/\/www.x-plor.de\/index.php\/wp-json\/wp\/v2\/pages\/382","targetHints":{"allow":["GET"]}}],"collection":[{"href":"https:\/\/www.x-plor.de\/index.php\/wp-json\/wp\/v2\/pages"}],"about":[{"href":"https:\/\/www.x-plor.de\/index.php\/wp-json\/wp\/v2\/types\/page"}],"author":[{"embeddable":true,"href":"https:\/\/www.x-plor.de\/index.php\/wp-json\/wp\/v2\/users\/1"}],"replies":[{"embeddable":true,"href":"https:\/\/www.x-plor.de\/index.php\/wp-json\/wp\/v2\/comments?post=382"}],"version-history":[{"count":7,"href":"https:\/\/www.x-plor.de\/index.php\/wp-json\/wp\/v2\/pages\/382\/revisions"}],"predecessor-version":[{"id":533,"href":"https:\/\/www.x-plor.de\/index.php\/wp-json\/wp\/v2\/pages\/382\/revisions\/533"}],"wp:attachment":[{"href":"https:\/\/www.x-plor.de\/index.php\/wp-json\/wp\/v2\/media?parent=382"}],"curies":[{"name":"wp","href":"https:\/\/api.w.org\/{rel}","templated":true}]}}